{"id":1727,"date":"2017-12-15T12:17:12","date_gmt":"2017-12-15T09:17:12","guid":{"rendered":"http:\/\/www.dmsorg.com\/v1\/?page_id=1727"},"modified":"2017-12-15T12:17:12","modified_gmt":"2017-12-15T09:17:12","slug":"unit-satin-almak","status":"publish","type":"page","link":"https:\/\/www.dmsorg.com\/v1\/?page_id=1727","title":{"rendered":"\u00dcnit Sat\u0131n Almak"},"content":{"rendered":"<h3>Dental Unit Nas\u0131l Sat\u0131n Al\u0131n\u0131r<\/h3>\n<h3>Dental unit sat\u0131n almak, size m\u00fckemmel uyan elbiseyi yada tak\u0131m\u0131 sat\u0131n almak gibidir. Her iki \u00fcr\u00fcn\u00fc de sat\u0131n almak, uzun s\u00fcreli ara\u015ft\u0131rma hatta deneme gerektirir. Do\u011fru kalite, \u00f6zellikler, hatta renk ve stil gibi bir\u00e7ok kategoride tam uyan \u00fcr\u00fcn\u00fc bulmak bazen bir kabus gibi g\u00f6r\u00fcnebilir. Unutmay\u0131n ki uzun y\u0131llar boyunca; t\u00fcm g\u00fcn\u00fcn\u00fcz\u00fc onunla \u00e7al\u0131\u015farak ge\u00e7irece\u011finiz, hastalar\u0131n\u0131z\u0131 a\u011f\u0131rlayaca\u011f\u0131n\u0131z ve size m\u00fckemmel uyan uniti se\u00e7mek i\u00e7in harcayaca\u011f\u0131n\u0131z zaman ve efora de\u011fecektir.<\/h3>\n<p>Do\u011fru uniti bulmak i\u00e7in her zaman gerekli bilgi birikimine sahip olmayabilirsiniz. Tamda b\u00f6yle durumlarda tek karar noktas\u0131 fiyat olabilir. Bu yaz\u0131da k\u0131saca unit se\u00e7iminde dikkat etmeniz gereken temel noktalara de\u011finece\u011fiz.<\/p>\n<p><strong>Ergonomi<\/strong><\/p>\n<p>Asl\u0131na bakarsan\u0131z di\u015f\u00e7ilikte ergonomi her \u015feydir. Bu nedenle en basit \u015fekliyle diyebiliriz ki almay\u0131 d\u00fc\u015f\u00fcnd\u00fc\u011f\u00fcn\u00fcz unit size d\u00fczg\u00fcn bir duru\u015f i\u00e7inde g\u00fcn boyu \u00e7al\u0131\u015fma olana\u011f\u0131 sunmuyorsa direkt olarak elemeniz gerekir. Unite ait koltuk, d\u00fczg\u00fcn bir duru\u015f yan\u0131nda hastan\u0131za kolayl\u0131kla ula\u015fman\u0131z\u0131 sa\u011flamal\u0131, kolay hareket etmeli ve tedavi s\u0131ras\u0131nda kolayl\u0131kla ayarlanabilmelidir. Tasar\u0131mda ki pratik \u00f6zellikler, devaml\u0131 d\u00f6nme yada uzanma gibi hareketlere daha az sebebiyet vermelidir ki bu sayede kas a\u011fr\u0131lar\u0131n\u0131n \u00f6n\u00fcne ge\u00e7ilebilsin. Bunlar\u0131n yan\u0131nda t\u00fcm detaylara dikkat etmeniz \u00f6nemlidir. \u00d6rne\u011fin tablalar\u0131n uzakl\u0131klar\u0131 hareket kabiliyetleri, ekstra kollar\u0131n kolay hareket ettirilebilmeleri gibi t\u00fcm detaylar uzun d\u00f6nemli fiziki sa\u011fl\u0131\u011f\u0131n\u0131z i\u00e7in \u00f6nemlidir.<\/p>\n<p><strong>Fonksiyonellik<\/strong><\/p>\n<p>Optimum klinik performans\u0131n\u0131 elde edebilmek ve hastan\u0131n ihtiya\u00e7lar\u0131na uyabilmek i\u00e7in unitin kafal\u0131k, s\u0131rtl\u0131k ve koltu\u011fun senkronize hareketi \u00f6nemlidir. Tedavi s\u0131ras\u0131nda gerekli t\u00fcm bu \u00f6zellikleri ayn\u0131 anda ayarlayabilmek i\u00e7in ayak pedallar\u0131 ile kolay kullan\u0131m son derece \u00f6nemli bir hale gelir. Dokunmatik kontrol panelleri, klinik ihtiya\u00e7lar\u0131n\u0131za daha detayl\u0131 cevap vermek, \u00e7al\u0131\u015fma istek ve ihtiya\u00e7lar\u0131n\u0131za g\u00f6re daha iyi uyum sa\u011flayabilmek a\u00e7\u0131s\u0131nda ekstra avantajlar sa\u011flayabilir. Bu tip \u00fcr\u00fcnlerde \u00f6nceden programlanabilir ayarlar yard\u0131m\u0131 ile unit kaydedilmi\u015f ayarlar aras\u0131nda h\u0131zla ge\u00e7i\u015f yapabilir.<\/p>\n<p>Kullanaca\u011f\u0131n\u0131z koltuk, muayenehanede ki bo\u015f alan ve klinik ekipmanlara ula\u015f\u0131m\u0131n\u0131z\u0131 da kolayla\u015ft\u0131racak \u015fekilde olmal\u0131d\u0131r. Muayenehaneniz i\u00e7in ald\u0131\u011f\u0131n\u0131z t\u00fcm \u00fcr\u00fcnlerin masraf de\u011fil uzun d\u00f6nemli yat\u0131r\u0131mlar oldu\u011funu unutmay\u0131n.<\/p>\n<p><strong>Hijyen<\/strong><\/p>\n<p>Ergonomi ve fonksiyonelli\u011fi ba\u015fa yazmam\u0131z hijyenin \u00f6nemi azaltm\u0131yor, \u00e7\u00fcnk\u00fc hijyen hala anahtar \u00f6neme sahip bir konumda. Hem sizin koltu\u011funuz hem de unitin oturma b\u00f6l\u00fcm\u00fc senede ortalama 2000 saat s\u00fcresince kullan\u0131l\u0131r. Hastalar\u0131n\u0131z\u0131 ve kendinizi her t\u00fcrl\u00fc patojenden koruyabilmeniz i\u00e7in her iki b\u00f6l\u00fcm\u00fcnde kolay temizlenebilir, y\u0131rt\u0131lmayan ve s\u00f6k\u00fclmeyen bir yap\u0131ya sahip olmas\u0131 gerekir.\u00a0 De\u011fi\u015ftirilebilir b\u00f6l\u00fcmlere sahip oturma alanlar\u0131 se\u00e7im yapman\u0131z\u0131 kolayla\u015ft\u0131racakt\u0131r.<\/p>\n<p>Unitin di\u011fer b\u00f6l\u00fcmlerinde ise plastik malzemeden olabildi\u011finde ka\u00e7\u0131nmak, daha \u00e7ok metal \u00fcr\u00fcnlere y\u00f6nelmek sterilizasyon a\u00e7\u0131s\u0131ndan \u00e7ok daha verimli sonu\u00e7lar alman\u0131z\u0131 sa\u011flayacakt\u0131r.<\/p>\n<p><strong>G\u00fcvenilir \u0130\u015f Orta\u011f\u0131<\/strong><\/p>\n<p>Unitin \u00f6zellikleri kadar, sat\u0131n ald\u0131\u011f\u0131n\u0131z yerde b\u00fcy\u00fck \u00f6nem arz eder.\u00a0 \u00dcr\u00fcn\u00fcn sat\u0131\u015f\u0131 yan\u0131nda kurulum deste\u011fi, bak\u0131m hizmetlerinin kalitesi gibi konularda kusursuz bir sicile sahip firmalardan al\u0131m yapmak her zaman genel ihtiyac\u0131n\u0131z olacakt\u0131r. Unutmay\u0131n\u0131z ki siz bir sa\u011fl\u0131k\u00e7\u0131s\u0131n\u0131z ve teknik konularda bilgi sahibi olmak zorunda de\u011filsiniz. Size bu deste\u011fi veremeyecek sat\u0131\u015f noktalar\u0131 uzun d\u00f6nemde b\u00fcy\u00fck maliyetlere yada kazan\u00e7 kay\u0131plar\u0131na sebep olabilir.<\/p>\n<p>&nbsp;<\/p>\n","protected":false},"excerpt":{"rendered":"<p>Dental Unit Nas\u0131l Sat\u0131n Al\u0131n\u0131r Dental unit sat\u0131n almak, size m\u00fckemmel uyan elbiseyi yada tak\u0131m\u0131 sat\u0131n almak gibidir. Her iki \u00fcr\u00fcn\u00fc de sat\u0131n almak, uzun s\u00fcreli ara\u015ft\u0131rma hatta deneme gerektirir. Do\u011fru kalite, \u00f6zellikler, hatta renk ve stil gibi bir\u00e7ok kategoride tam uyan \u00fcr\u00fcn\u00fc bulmak bazen bir kabus gibi g\u00f6r\u00fcnebilir. Unutmay\u0131n ki uzun y\u0131llar boyunca; t\u00fcm&#8230;<\/p>\n","protected":false},"author":3,"featured_media":0,"parent":0,"menu_order":0,"comment_status":"closed","ping_status":"closed","template":"","meta":{"_kadence_starter_templates_imported_post":false,"_kad_post_transparent":"","_kad_post_title":"","_kad_post_layout":"","_kad_post_sidebar_id":"","_kad_post_content_style":"","_kad_post_vertical_padding":"","_kad_post_feature":"","_kad_post_feature_position":"","_kad_post_header":false,"_kad_post_footer":false,"footnotes":""},"class_list":["post-1727","page","type-page","status-publish","hentry"],"_links":{"self":[{"href":"https:\/\/www.dmsorg.com\/v1\/index.php?rest_route=\/wp\/v2\/pages\/1727","targetHints":{"allow":["GET"]}}],"collection":[{"href":"https:\/\/www.dmsorg.com\/v1\/index.php?rest_route=\/wp\/v2\/pages"}],"about":[{"href":"https:\/\/www.dmsorg.com\/v1\/index.php?rest_route=\/wp\/v2\/types\/page"}],"author":[{"embeddable":true,"href":"https:\/\/www.dmsorg.com\/v1\/index.php?rest_route=\/wp\/v2\/users\/3"}],"replies":[{"embeddable":true,"href":"https:\/\/www.dmsorg.com\/v1\/index.php?rest_route=%2Fwp%2Fv2%2Fcomments&post=1727"}],"version-history":[{"count":1,"href":"https:\/\/www.dmsorg.com\/v1\/index.php?rest_route=\/wp\/v2\/pages\/1727\/revisions"}],"predecessor-version":[{"id":1728,"href":"https:\/\/www.dmsorg.com\/v1\/index.php?rest_route=\/wp\/v2\/pages\/1727\/revisions\/1728"}],"wp:attachment":[{"href":"https:\/\/www.dmsorg.com\/v1\/index.php?rest_route=%2Fwp%2Fv2%2Fmedia&parent=1727"}],"curies":[{"name":"wp","href":"https:\/\/api.w.org\/{rel}","templated":true}]}}