{"id":2,"date":"2009-01-12T00:00:51","date_gmt":"2009-01-11T21:00:51","guid":{"rendered":"http:\/\/www.dmsorg.com\/v1\/?page_id=2"},"modified":"2025-04-16T14:38:49","modified_gmt":"2025-04-16T11:38:49","slug":"hakkinda","status":"publish","type":"page","link":"https:\/\/www.dmsorg.com\/v1\/?page_id=2","title":{"rendered":"HAKKIMIZDA"},"content":{"rendered":"\t\t<div data-elementor-type=\"wp-page\" data-elementor-id=\"2\" class=\"elementor elementor-2\" data-elementor-post-type=\"page\">\n\t\t\t\t<div class=\"elementor-element elementor-element-24d95b9 e-con-full e-flex e-con e-parent\" data-id=\"24d95b9\" data-element_type=\"container\" data-settings=\"{&quot;background_background&quot;:&quot;classic&quot;}\">\n\t\t\t\t<div class=\"elementor-element elementor-element-ff1caf5 elementor-invisible elementor-widget elementor-widget-heading\" data-id=\"ff1caf5\" data-element_type=\"widget\" data-settings=\"{&quot;_animation&quot;:&quot;fadeInUp&quot;}\" data-widget_type=\"heading.default\">\n\t\t\t\t<div class=\"elementor-widget-container\">\n\t\t\t\t\t<h2 class=\"elementor-heading-title elementor-size-default\">Hakk\u0131m\u0131zda\n<\/h2>\t\t\t\t<\/div>\n\t\t\t\t<\/div>\n\t\t\t\t<div class=\"elementor-element elementor-element-49bc0dd elementor-widget elementor-widget-text-editor\" data-id=\"49bc0dd\" data-element_type=\"widget\" data-widget_type=\"text-editor.default\">\n\t\t\t\t<div class=\"elementor-widget-container\">\n\t\t\t\t\t\t\t\t\t<p><strong>DMS<\/strong>, 1980 y\u0131l\u0131ndan bu yana di\u015f hekimli\u011fi hizmet ve e\u011fitim birimlerinin her \u00f6l\u00e7e\u011finin teknik yap\u0131lanmas\u0131nda, \u00f6zellikle son y\u0131llarda, Di\u015f Hekimli\u011fi Fak\u00fclteleri ve E\u011fitim Kurumlar\u0131n\u0131n teknik altyap\u0131 gereksinimlerine y\u00f6nelik \u00f6zelle\u015ftirilmi\u015f \u00e7\u00f6z\u00fcmler geli\u015ftiren, sekt\u00f6rde \u00f6nc\u00fc bir m\u00fchendislik ve \u00fcretim firmas\u0131d\u0131r.<\/p>\t\t\t\t\t\t\t\t<\/div>\n\t\t\t\t<\/div>\n\t\t\t\t<\/div>\n\t\t<div class=\"elementor-element elementor-element-67cf0a2 e-flex e-con-boxed e-con e-parent\" data-id=\"67cf0a2\" data-element_type=\"container\">\n\t\t\t\t\t<div class=\"e-con-inner\">\n\t\t<div class=\"elementor-element elementor-element-c799648 e-con-full e-flex e-con e-child\" data-id=\"c799648\" data-element_type=\"container\">\n\t\t\t\t<div class=\"elementor-element elementor-element-02c4658 elementor-invisible elementor-widget elementor-widget-heading\" data-id=\"02c4658\" data-element_type=\"widget\" data-settings=\"{&quot;_animation&quot;:&quot;fadeInUp&quot;}\" data-widget_type=\"heading.default\">\n\t\t\t\t<div class=\"elementor-widget-container\">\n\t\t\t\t\t<h2 class=\"elementor-heading-title elementor-size-default\">Vizyon ve Misyonumuz<\/h2>\t\t\t\t<\/div>\n\t\t\t\t<\/div>\n\t\t\t\t<div class=\"elementor-element elementor-element-921f2ca elementor-widget elementor-widget-text-editor\" data-id=\"921f2ca\" data-element_type=\"widget\" data-widget_type=\"text-editor.default\">\n\t\t\t\t<div class=\"elementor-widget-container\">\n\t\t\t\t\t\t\t\t\t<p>Akademik kurumlar ve sa\u011fl\u0131k hizmet sa\u011flay\u0131c\u0131lar\u0131 i\u00e7in hijyen teknolojilerini geli\u015ftirerek tasarlad\u0131\u011f\u0131m\u0131z\u00a0<strong>Merkezi Dental Kompres\u00f6r ve Aspirat\u00f6r Sistemleri<\/strong>, modern Di\u015f Hekimli\u011fi uygulamalar\u0131n\u0131n temel ta\u015flar\u0131ndan biri olan steril ve g\u00fcvenilir \u00e7al\u0131\u015fma ortamlar\u0131n\u0131 m\u00fcmk\u00fcn k\u0131lmaktad\u0131r. Fak\u00fcltelerin preklinik ve klinik laboratuvarlar\u0131nda, y\u00fcksek bas\u0131n\u00e7l\u0131 ya\u011fs\u0131z hava ve g\u00fc\u00e7l\u00fc aspirasyon sistemleri ile standartlara uygun, s\u00fcrd\u00fcr\u00fclebilir altyap\u0131lar planlay\u0131p kuruyoruz.<\/p>\t\t\t\t\t\t\t\t<\/div>\n\t\t\t\t<\/div>\n\t\t\t\t<\/div>\n\t\t<div class=\"elementor-element elementor-element-c3edb0c e-con-full e-flex e-con e-child\" data-id=\"c3edb0c\" data-element_type=\"container\">\n\t\t\t\t<div class=\"elementor-element elementor-element-8f5e4a2 elementor-invisible elementor-widget elementor-widget-image\" data-id=\"8f5e4a2\" data-element_type=\"widget\" data-settings=\"{&quot;_animation&quot;:&quot;fadeInRight&quot;}\" data-widget_type=\"image.default\">\n\t\t\t\t<div class=\"elementor-widget-container\">\n\t\t\t\t\t\t\t\t\t\t\t\t\t\t\t<img fetchpriority=\"high\" decoding=\"async\" width=\"1000\" height=\"808\" src=\"https:\/\/www.dmsorg.com\/v1\/wp-content\/uploads\/2025\/04\/dms-about.jpg\" class=\"attachment-large size-large wp-image-2759\" alt=\"\" srcset=\"https:\/\/www.dmsorg.com\/v1\/wp-content\/uploads\/2025\/04\/dms-about.jpg 1000w, https:\/\/www.dmsorg.com\/v1\/wp-content\/uploads\/2025\/04\/dms-about-300x242.jpg 300w, https:\/\/www.dmsorg.com\/v1\/wp-content\/uploads\/2025\/04\/dms-about-768x621.jpg 768w\" sizes=\"(max-width: 1000px) 100vw, 1000px\" \/>\t\t\t\t\t\t\t\t\t\t\t\t\t\t\t<\/div>\n\t\t\t\t<\/div>\n\t\t\t\t<\/div>\n\t\t\t\t\t<\/div>\n\t\t\t\t<\/div>\n\t\t<div class=\"elementor-element elementor-element-5d715b3 e-flex e-con-boxed e-con e-parent\" data-id=\"5d715b3\" data-element_type=\"container\" data-settings=\"{&quot;background_background&quot;:&quot;classic&quot;}\">\n\t\t\t\t\t<div class=\"e-con-inner\">\n\t\t<div class=\"elementor-element elementor-element-d39451f e-con-full e-flex e-con e-child\" data-id=\"d39451f\" data-element_type=\"container\">\n\t\t\t\t<div class=\"elementor-element elementor-element-24cb2aa elementor-invisible elementor-widget elementor-widget-image\" data-id=\"24cb2aa\" data-element_type=\"widget\" data-settings=\"{&quot;_animation&quot;:&quot;fadeInLeft&quot;}\" data-widget_type=\"image.default\">\n\t\t\t\t<div class=\"elementor-widget-container\">\n\t\t\t\t\t\t\t\t\t\t\t\t\t\t\t<img decoding=\"async\" width=\"1000\" height=\"808\" src=\"https:\/\/www.dmsorg.com\/v1\/wp-content\/uploads\/2025\/04\/dms-quality.jpg\" class=\"attachment-large size-large wp-image-2763\" alt=\"\" srcset=\"https:\/\/www.dmsorg.com\/v1\/wp-content\/uploads\/2025\/04\/dms-quality.jpg 1000w, https:\/\/www.dmsorg.com\/v1\/wp-content\/uploads\/2025\/04\/dms-quality-300x242.jpg 300w, https:\/\/www.dmsorg.com\/v1\/wp-content\/uploads\/2025\/04\/dms-quality-768x621.jpg 768w\" sizes=\"(max-width: 1000px) 100vw, 1000px\" \/>\t\t\t\t\t\t\t\t\t\t\t\t\t\t\t<\/div>\n\t\t\t\t<\/div>\n\t\t\t\t<\/div>\n\t\t<div class=\"elementor-element elementor-element-1da1632 e-con-full e-flex e-con e-child\" data-id=\"1da1632\" data-element_type=\"container\">\n\t\t\t\t<div class=\"elementor-element elementor-element-1e18006 elementor-invisible elementor-widget elementor-widget-heading\" data-id=\"1e18006\" data-element_type=\"widget\" data-settings=\"{&quot;_animation&quot;:&quot;fadeInUp&quot;}\" data-widget_type=\"heading.default\">\n\t\t\t\t<div class=\"elementor-widget-container\">\n\t\t\t\t\t<h2 class=\"elementor-heading-title elementor-size-default\">Kalite Politikam\u0131z<\/h2>\t\t\t\t<\/div>\n\t\t\t\t<\/div>\n\t\t\t\t<div class=\"elementor-element elementor-element-823357d elementor-widget elementor-widget-text-editor\" data-id=\"823357d\" data-element_type=\"widget\" data-widget_type=\"text-editor.default\">\n\t\t\t\t<div class=\"elementor-widget-container\">\n\t\t\t\t\t\t\t\t\t<p>Akademik kurumlar ve sa\u011fl\u0131k hizmet sa\u011flay\u0131c\u0131lar\u0131 i\u00e7in hijyen teknolojilerini geli\u015ftirerek tasarlad\u0131\u011f\u0131m\u0131z\u00a0<strong>Merkezi Dental Kompres\u00f6r ve Aspirat\u00f6r Sistemleri<\/strong>, modern Di\u015f Hekimli\u011fi uygulamalar\u0131n\u0131n temel ta\u015flar\u0131ndan biri olan steril ve g\u00fcvenilir \u00e7al\u0131\u015fma ortamlar\u0131n\u0131 m\u00fcmk\u00fcn k\u0131lmaktad\u0131r. Fak\u00fcltelerin preklinik ve klinik laboratuvarlar\u0131nda, y\u00fcksek bas\u0131n\u00e7l\u0131 ya\u011fs\u0131z hava ve g\u00fc\u00e7l\u00fc aspirasyon sistemleri ile standartlara uygun, s\u00fcrd\u00fcr\u00fclebilir altyap\u0131lar planlay\u0131p kuruyoruz.<\/p>\t\t\t\t\t\t\t\t<\/div>\n\t\t\t\t<\/div>\n\t\t\t\t<\/div>\n\t\t\t\t\t<\/div>\n\t\t\t\t<\/div>\n\t\t\t\t<\/div>\n\t\t","protected":false},"excerpt":{"rendered":"<p>Hakk\u0131m\u0131zda DMS, 1980 y\u0131l\u0131ndan bu yana di\u015f hekimli\u011fi hizmet ve e\u011fitim birimlerinin her \u00f6l\u00e7e\u011finin teknik yap\u0131lanmas\u0131nda, \u00f6zellikle son y\u0131llarda, Di\u015f Hekimli\u011fi Fak\u00fclteleri ve E\u011fitim Kurumlar\u0131n\u0131n teknik altyap\u0131 gereksinimlerine y\u00f6nelik \u00f6zelle\u015ftirilmi\u015f \u00e7\u00f6z\u00fcmler geli\u015ftiren, sekt\u00f6rde \u00f6nc\u00fc bir m\u00fchendislik ve \u00fcretim firmas\u0131d\u0131r. Vizyon ve Misyonumuz Akademik kurumlar ve sa\u011fl\u0131k hizmet sa\u011flay\u0131c\u0131lar\u0131 i\u00e7in hijyen teknolojilerini geli\u015ftirerek tasarlad\u0131\u011f\u0131m\u0131z\u00a0Merkezi Dental Kompres\u00f6r&#8230;<\/p>\n","protected":false},"author":1,"featured_media":1250,"parent":0,"menu_order":0,"comment_status":"open","ping_status":"closed","template":"","meta":{"_kadence_starter_templates_imported_post":false,"_kad_post_transparent":"","_kad_post_title":"","_kad_post_layout":"","_kad_post_sidebar_id":"","_kad_post_content_style":"","_kad_post_vertical_padding":"","_kad_post_feature":"","_kad_post_feature_position":"","_kad_post_header":false,"_kad_post_footer":false,"footnotes":""},"class_list":["post-2","page","type-page","status-publish","has-post-thumbnail","hentry"],"_links":{"self":[{"href":"https:\/\/www.dmsorg.com\/v1\/index.php?rest_route=\/wp\/v2\/pages\/2","targetHints":{"allow":["GET"]}}],"collection":[{"href":"https:\/\/www.dmsorg.com\/v1\/index.php?rest_route=\/wp\/v2\/pages"}],"about":[{"href":"https:\/\/www.dmsorg.com\/v1\/index.php?rest_route=\/wp\/v2\/types\/page"}],"author":[{"embeddable":true,"href":"https:\/\/www.dmsorg.com\/v1\/index.php?rest_route=\/wp\/v2\/users\/1"}],"replies":[{"embeddable":true,"href":"https:\/\/www.dmsorg.com\/v1\/index.php?rest_route=%2Fwp%2Fv2%2Fcomments&post=2"}],"version-history":[{"count":98,"href":"https:\/\/www.dmsorg.com\/v1\/index.php?rest_route=\/wp\/v2\/pages\/2\/revisions"}],"predecessor-version":[{"id":2772,"href":"https:\/\/www.dmsorg.com\/v1\/index.php?rest_route=\/wp\/v2\/pages\/2\/revisions\/2772"}],"wp:featuredmedia":[{"embeddable":true,"href":"https:\/\/www.dmsorg.com\/v1\/index.php?rest_route=\/wp\/v2\/media\/1250"}],"wp:attachment":[{"href":"https:\/\/www.dmsorg.com\/v1\/index.php?rest_route=%2Fwp%2Fv2%2Fmedia&parent=2"}],"curies":[{"name":"wp","href":"https:\/\/api.w.org\/{rel}","templated":true}]}}