{"id":2107,"date":"2021-04-08T14:38:31","date_gmt":"2021-04-08T11:38:31","guid":{"rendered":"http:\/\/www.dmsorg.com\/v1\/?page_id=2107"},"modified":"2021-04-08T14:38:32","modified_gmt":"2021-04-08T11:38:32","slug":"kalite-politikamiz","status":"publish","type":"page","link":"https:\/\/www.dmsorg.com\/v1\/?page_id=2107","title":{"rendered":"Kalite Politikam\u0131z"},"content":{"rendered":"\n<p style=\"text-align:center\"><strong>KAL\u0130TE POL\u0130T\u0130KASI<\/strong><\/p>\n\n\n\n<ul class=\"wp-block-list\"><li>M\u00fc\u015fterilerin, \u00e7al\u0131\u015fanlar\u0131n ve ilgili taraflar\u0131n\n     ihtiya\u00e7 ve beklentilerini anlayarak etkili ileti\u015fim kurmak,<\/li><li>Sahip oldu\u011fumuz kurulu\u015f bilgi birikimini\n     kullanarak, yenilik\u00e7i, deneyimli, kendi alanlar\u0131nda e\u011fitimli, yetkin ve\n     uzman personelimiz ile m\u00fc\u015fterilerimizin ihtiya\u00e7lar\u0131n\u0131 ve gereksinimlerini\n     do\u011fru belirleyerek, beklentilerini tam olarak ve zaman\u0131nda kar\u015f\u0131layarak m\u00fc\u015fteri\n     memnuniyetini sa\u011flamak ve artt\u0131rmak,<\/li><li>M\u00fc\u015fteri m\u00fclkiyetine itina g\u00f6stererek,\n     m\u00fc\u015fterilerin ihtiya\u00e7lar\u0131n\u0131n belirlenmesinden, projenin al\u0131nmas\u0131na ve\n     teslim edilmesine kadar ge\u00e7en s\u00fcrecin m\u00fc\u015fterinin beklentilerini, yasal\n     \u015fartlar\u0131 ve uluslararas\u0131 standartlar\u0131n gerekliliklerini kar\u015f\u0131layacak\n     \u015fekilde ger\u00e7ekle\u015ftirmek,<\/li><li>M\u00fc\u015fteri odakl\u0131l\u0131k prensibiyle m\u00fc\u015fterilerden gelen\n     \u00f6neri ve \u015fikayetleri etkin bir \u015fekilde de\u011ferlendirerek m\u00fc\u015fteri\n     memnuniyetini en \u00fcst seviyede tutmak ve s\u00fcreklili\u011fini sa\u011flamak,<\/li><li>Yasal \u015fartlar\u0131, mevzuat ve s\u00f6zle\u015fme \u015fartlar\u0131n\u0131\n     eksiksiz yerine getirerek m\u00fc\u015fteri memnuniyeti odakl\u0131 ve kaliteli hizmet\n     vermek,<\/li><li>S\u00fcrekli e\u011fitim ilkesi ile becerilerimizi ve\n     kalite bilincimizi artt\u0131rmak.<\/li><li>\u00c7al\u0131\u015fanlar\u0131m\u0131za \u0130SG kapsam\u0131nda sa\u011fl\u0131kl\u0131 ve\n     g\u00fcvenli \u00e7al\u0131\u015fabilecek ortamlar sa\u011flamak ve etkin Risk&amp;F\u0131rsat y\u00f6netimi yapmak,<\/li><li>Yapt\u0131\u011f\u0131m\u0131z her i\u015fte uluslararas\u0131 standartlara ve\n     mevzuata uygun projeler olu\u015fturmak,<\/li><li>Kalite politikas\u0131n\u0131, \u015firketlerinin ama\u00e7lar\u0131na\n     uygunlu\u011funu sa\u011flamak i\u00e7in s\u00fcrekli g\u00f6zden ge\u00e7irmek<\/li><li>Kalite politikas\u0131 do\u011frultusunda olu\u015fturdu\u011fu\n     hedefleri s\u00fcrekli g\u00f6zden ge\u00e7irerek geli\u015ftirmek,<\/li><li>Yurti\u00e7indeki sayg\u0131nl\u0131\u011f\u0131n\u0131 ve bilinirli\u011fini\n     yurtd\u0131\u015f\u0131na ta\u015f\u0131yarak uluslararas\u0131 pazarlara a\u00e7\u0131lan firman\u0131n farkl\u0131\n     \u015fartlarda ve ortamlarda da kaliteden \u00f6d\u00fcn vermeden rekabet edebilme g\u00fcc\u00fcn\u00fc\n     yaratmak,<\/li><li>Tedarik\u00e7i ve ta\u015feronlar\u0131m\u0131z ile sa\u011flam temeller\n     \u00fczerine oturan iyi ili\u015fkiler kurmak,<\/li><li>Sistemin etkinli\u011finin s\u00fcrd\u00fcr\u00fclmesi i\u00e7in proaktif yakla\u015f\u0131mla her t\u00fcrl\u00fc risk ve\n     f\u0131rsat\u0131 g\u00f6z \u00f6n\u00fcnde bulundurarak,\n     d\u00fczenleyici ve iyile\u015ftirici faaliyetlere \u00f6nem vermek,<\/li><li>Kalite\n     Y\u00f6netim Sistemimiz i\u00e7in gerekli t\u00fcm kaynaklar\u0131 kullanarak, ISO 9001:2015\n     uluslararas\u0131 standard\u0131n\u0131 referans alarak sistemimizi t\u00fcm personelimizin\n     kat\u0131l\u0131m\u0131 ve kendi sorumluluk alanlar\u0131ndaki liderlikleriyle kalite\n     bilincini yaymay\u0131, gerekli e\u011fitimlerle bilgi ve becerilerini art\u0131rmay\u0131,\n     tak\u0131m \u00e7al\u0131\u015fmas\u0131 prensibini benimsemelerini, b\u00f6ylece \u201cFark\u0131ndal\u0131k\u201d ile\n     \u201cS\u00fcrekli \u0130yile\u015ftirme\u201d s\u00fcrecine katk\u0131da bulunmalar\u0131n\u0131 sa\u011flamakt\u0131r<\/li><\/ul>\n\n\n\n<p>Melih BELENL\u0130O\u011eLU<\/p>\n\n\n\n<p>      Genel M\u00fcd\u00fcr <\/p>\n","protected":false},"excerpt":{"rendered":"<p>KAL\u0130TE POL\u0130T\u0130KASI M\u00fc\u015fterilerin, \u00e7al\u0131\u015fanlar\u0131n ve ilgili taraflar\u0131n ihtiya\u00e7 ve beklentilerini anlayarak etkili ileti\u015fim kurmak, Sahip oldu\u011fumuz kurulu\u015f bilgi birikimini kullanarak, yenilik\u00e7i, deneyimli, kendi alanlar\u0131nda e\u011fitimli, yetkin ve uzman personelimiz ile m\u00fc\u015fterilerimizin ihtiya\u00e7lar\u0131n\u0131 ve gereksinimlerini do\u011fru belirleyerek, beklentilerini tam olarak ve zaman\u0131nda kar\u015f\u0131layarak m\u00fc\u015fteri memnuniyetini sa\u011flamak ve artt\u0131rmak, M\u00fc\u015fteri m\u00fclkiyetine itina g\u00f6stererek, m\u00fc\u015fterilerin ihtiya\u00e7lar\u0131n\u0131n belirlenmesinden, projenin&#8230;<\/p>\n","protected":false},"author":3,"featured_media":0,"parent":2,"menu_order":0,"comment_status":"closed","ping_status":"closed","template":"","meta":{"_kadence_starter_templates_imported_post":false,"_kad_post_transparent":"","_kad_post_title":"","_kad_post_layout":"","_kad_post_sidebar_id":"","_kad_post_content_style":"","_kad_post_vertical_padding":"","_kad_post_feature":"","_kad_post_feature_position":"","_kad_post_header":false,"_kad_post_footer":false,"footnotes":""},"class_list":["post-2107","page","type-page","status-publish","hentry"],"_links":{"self":[{"href":"https:\/\/www.dmsorg.com\/v1\/index.php?rest_route=\/wp\/v2\/pages\/2107","targetHints":{"allow":["GET"]}}],"collection":[{"href":"https:\/\/www.dmsorg.com\/v1\/index.php?rest_route=\/wp\/v2\/pages"}],"about":[{"href":"https:\/\/www.dmsorg.com\/v1\/index.php?rest_route=\/wp\/v2\/types\/page"}],"author":[{"embeddable":true,"href":"https:\/\/www.dmsorg.com\/v1\/index.php?rest_route=\/wp\/v2\/users\/3"}],"replies":[{"embeddable":true,"href":"https:\/\/www.dmsorg.com\/v1\/index.php?rest_route=%2Fwp%2Fv2%2Fcomments&post=2107"}],"version-history":[{"count":1,"href":"https:\/\/www.dmsorg.com\/v1\/index.php?rest_route=\/wp\/v2\/pages\/2107\/revisions"}],"predecessor-version":[{"id":2108,"href":"https:\/\/www.dmsorg.com\/v1\/index.php?rest_route=\/wp\/v2\/pages\/2107\/revisions\/2108"}],"up":[{"embeddable":true,"href":"https:\/\/www.dmsorg.com\/v1\/index.php?rest_route=\/wp\/v2\/pages\/2"}],"wp:attachment":[{"href":"https:\/\/www.dmsorg.com\/v1\/index.php?rest_route=%2Fwp%2Fv2%2Fmedia&parent=2107"}],"curies":[{"name":"wp","href":"https:\/\/api.w.org\/{rel}","templated":true}]}}