{"id":2109,"date":"2021-04-08T14:40:40","date_gmt":"2021-04-08T11:40:40","guid":{"rendered":"http:\/\/www.dmsorg.com\/v1\/?page_id=2109"},"modified":"2021-04-08T14:44:17","modified_gmt":"2021-04-08T11:44:17","slug":"vizyonumuz-ve-misyonumuz","status":"publish","type":"page","link":"https:\/\/www.dmsorg.com\/v1\/?page_id=2109","title":{"rendered":"Vizyonumuz ve Misyonumuz"},"content":{"rendered":"\n<p>Vizyonumuz;<\/p>\n\n\n\n<p>\u00dclkemiz sa\u011fl\u0131k alan\u0131n\u0131n sorumluluklar\u0131n\u0131n bilinci ile Di\u015f\nHekimli\u011fi fiziki yap\u0131lanmalar\u0131nda, \u00fcr\u00fcn ve hizmet sunumlar\u0131nda farkl\u0131l\u0131klar\nyaratarak toplum sa\u011fl\u0131\u011f\u0131na, \u00fclke ekonomisine ve \u00e7al\u0131\u015fma g\u00fcvenli\u011fine yarar\nsa\u011flamak.<\/p>\n\n\n\n<p>Misyonumuz; <\/p>\n\n\n\n<p>Di\u015f Hekimli\u011fi Fiziki yap\u0131lanmalar\u0131nda standartlara uygun planlama, projelendirme, cihaz ve hizmet sunumlar\u0131nda nitelikli, g\u00fcvenilir, rekabette kamu yarar\u0131 g\u00f6zetilerek, \u00f6zellikle \u00fcretimden gelen g\u00fcc\u00fc g\u00f6z ard\u0131 etmeden yerli \u00fcretim \u00e7\u00f6z\u00fcmlerini geli\u015ftirmek. <\/p>\n\n\n\n<p>Melih BELENL\u0130O\u011eLU<\/p>\n\n\n\n<p>Genel M\u00fcd\u00fcr <\/p>\n","protected":false},"excerpt":{"rendered":"<p>Vizyonumuz; \u00dclkemiz sa\u011fl\u0131k alan\u0131n\u0131n sorumluluklar\u0131n\u0131n bilinci ile Di\u015f Hekimli\u011fi fiziki yap\u0131lanmalar\u0131nda, \u00fcr\u00fcn ve hizmet sunumlar\u0131nda farkl\u0131l\u0131klar yaratarak toplum sa\u011fl\u0131\u011f\u0131na, \u00fclke ekonomisine ve \u00e7al\u0131\u015fma g\u00fcvenli\u011fine yarar sa\u011flamak. Misyonumuz; Di\u015f Hekimli\u011fi Fiziki yap\u0131lanmalar\u0131nda standartlara uygun planlama, projelendirme, cihaz ve hizmet sunumlar\u0131nda nitelikli, g\u00fcvenilir, rekabette kamu yarar\u0131 g\u00f6zetilerek, \u00f6zellikle \u00fcretimden gelen g\u00fcc\u00fc g\u00f6z ard\u0131 etmeden yerli \u00fcretim \u00e7\u00f6z\u00fcmlerini&#8230;<\/p>\n","protected":false},"author":3,"featured_media":0,"parent":2,"menu_order":0,"comment_status":"closed","ping_status":"closed","template":"","meta":{"_kadence_starter_templates_imported_post":false,"_kad_post_transparent":"","_kad_post_title":"","_kad_post_layout":"","_kad_post_sidebar_id":"","_kad_post_content_style":"","_kad_post_vertical_padding":"","_kad_post_feature":"","_kad_post_feature_position":"","_kad_post_header":false,"_kad_post_footer":false,"footnotes":""},"class_list":["post-2109","page","type-page","status-publish","hentry"],"_links":{"self":[{"href":"https:\/\/www.dmsorg.com\/v1\/index.php?rest_route=\/wp\/v2\/pages\/2109","targetHints":{"allow":["GET"]}}],"collection":[{"href":"https:\/\/www.dmsorg.com\/v1\/index.php?rest_route=\/wp\/v2\/pages"}],"about":[{"href":"https:\/\/www.dmsorg.com\/v1\/index.php?rest_route=\/wp\/v2\/types\/page"}],"author":[{"embeddable":true,"href":"https:\/\/www.dmsorg.com\/v1\/index.php?rest_route=\/wp\/v2\/users\/3"}],"replies":[{"embeddable":true,"href":"https:\/\/www.dmsorg.com\/v1\/index.php?rest_route=%2Fwp%2Fv2%2Fcomments&post=2109"}],"version-history":[{"count":3,"href":"https:\/\/www.dmsorg.com\/v1\/index.php?rest_route=\/wp\/v2\/pages\/2109\/revisions"}],"predecessor-version":[{"id":2117,"href":"https:\/\/www.dmsorg.com\/v1\/index.php?rest_route=\/wp\/v2\/pages\/2109\/revisions\/2117"}],"up":[{"embeddable":true,"href":"https:\/\/www.dmsorg.com\/v1\/index.php?rest_route=\/wp\/v2\/pages\/2"}],"wp:attachment":[{"href":"https:\/\/www.dmsorg.com\/v1\/index.php?rest_route=%2Fwp%2Fv2%2Fmedia&parent=2109"}],"curies":[{"name":"wp","href":"https:\/\/api.w.org\/{rel}","templated":true}]}}